{"id":183,"date":"2020-09-18T09:50:23","date_gmt":"2020-09-18T09:50:23","guid":{"rendered":"https:\/\/costablancatravel.is\/flugbokun\/?page_id=183"},"modified":"2021-03-15T16:04:40","modified_gmt":"2021-03-15T16:04:40","slug":"heim","status":"publish","type":"page","link":"https:\/\/costablancatravel.is\/flugbokun\/heim\/","title":{"rendered":"Heim p\u00e1skaflug"},"content":{"rendered":"<div class=\"wpb-content-wrapper\"><p>[vc_row full_width=&#8220;stretch_row&#8220; full_height=&#8220;yes&#8220; equal_height=&#8220;yes&#8220; content_placement=&#8220;bottom&#8220; woodmart_parallax=&#8220;0&#8243; woodmart_gradient_switch=&#8220;no&#8220; row_reverse_mobile=&#8220;0&#8243; row_reverse_tablet=&#8220;0&#8243; woodmart_disable_overflow=&#8220;0&#8243; mobile_bg_img_hidden=&#8220;no&#8220; tablet_bg_img_hidden=&#8220;no&#8220; css=&#8220;.vc_custom_1611850693281{margin-top: 99px !important;background-image: url(https:\/\/costablancatravel.is\/flugbokun\/wp-content\/uploads\/2020\/12\/bak.jpg?id=1276) !important;background-position: 0 0 !important;background-repeat: no-repeat !important;}&#8220;][vc_column width=&#8220;3\/4&#8243; woodmart_parallax=&#8220;0&#8243; parallax_scroll=&#8220;no&#8220; woodmart_sticky_column=&#8220;false&#8220; mobile_bg_img_hidden=&#8220;no&#8220; tablet_bg_img_hidden=&#8220;no&#8220; mobile_reset_margin=&#8220;no&#8220; tablet_reset_margin=&#8220;no&#8220;]\t\t\t<div id=\"wd-6012e236417d6\" class=\"wd-text-block-wrapper wd-wpb wd-rs-6012e236417d6 color-scheme-dark text-left wd-width-enabled \" style=\"--wd-max-width: 80%;\">\n\t\t\t\t<div class=\"woodmart-title-container woodmart-text-block reset-last-child font-primary wd-font-weight- \">\n\t\t\t\t\tB\u00f3kunarlinkur fyrir beint p\u00e1skaflug 26. mars og 8. apr\u00edl 2021\t\t\t\t<\/div>\n\n\t\t\t\t\t\t\t<\/div>\n\t\t\t\t\t<div id=\"wd-6012e2545bc16\" class=\"wd-text-block-wrapper wd-wpb wd-rs-6012e2545bc16 color-scheme- text-left wd-width-enabled \" style=\"--wd-max-width: 80%;\">\n\t\t\t\t<div class=\"woodmart-title-container woodmart-text-block reset-last-child font-text wd-font-weight- \">\n\t\t\t\t\tBeint leiguflug \u00e1 vegum Sp\u00e1narheimila, Straumhvarf hf og Icelandair (Boeing 757-200) fr\u00e1 Keflav\u00edk (KEF) til Alicante (ALC) a\u00f0 MORGNI TIL og fr\u00e1 Alicante til Keflavik MI\u00d0DEGIS.\t\t\t\t<\/div>\n\n\t\t\t\t\t\t\t<\/div>\n\t\t\t\t\t<div id=\"wd-6046b66c64d1c\" class=\"wd-text-block-wrapper wd-wpb wd-rs-6046b66c64d1c color-scheme- text-left wd-width-enabled vc_custom_1615246964570\" style=\"--wd-max-width: 80%;\">\n\t\t\t\t<div class=\"woodmart-title-container woodmart-text-block reset-last-child font-text wd-font-weight- \">\n\t\t\t\t\t<strong>B\u00e1\u00f0ar lei\u00f0ir \u2013 ver\u00f0 84.900 kr pr mann<\/strong> me\u00f0 23 kg innrita\u00f0ri t\u00f6sku og 8 kg handfarangri:\t\t\t\t<\/div>\n\n\t\t\t\t\t\t\t<\/div>\n\t\t\t\t\t<div id=\"wd-604f85909b0c2\" class=\"wd-text-block-wrapper wd-wpb wd-rs-604f85909b0c2 color-scheme- text-left wd-width-enabled \" style=\"--wd-max-width: 80%;\">\n\t\t\t\t<div class=\"woodmart-title-container woodmart-text-block reset-last-child font-text wd-font-weight- \">\n\t\t\t\t\t<\/p>\n<ul>\n<li>26.03. \u2013 KEF-ALC:\u00a0<span style=\"color: #ff0000;\"><a style=\"color: #ff0000;\" href=\"https:\/\/costablancatravel.is\/flugbokun\/skraning-a-bidlista-beint-leiguflug-til-og-fra-spani-paskaflug\/\">(UPPSELT) \u2013 Skr\u00e1\u00f0u \u00feig \u00e1 bi\u00f0lista<\/a><\/span><\/li>\n<li>08.04. \u2013 ALC-KEF: <span style=\"color: #ff0000;\"><a style=\"color: #ff0000;\" href=\"https:\/\/costablancatravel.is\/flugbokun\/skraning-a-bidlista-beint-leiguflug-til-og-fra-spani-paskaflug\/\">(UPPSELT) \u2013 Skr\u00e1\u00f0u \u00feig \u00e1 bi\u00f0lista<\/a><\/span><\/li>\n<\/ul>\n<p>\t\t\t\t<\/div>\n\n\t\t\t\t\t\t\t<\/div>\n\t\t\t\t\t<div id=\"wd-6012e7472748c\" class=\"wd-text-block-wrapper wd-wpb wd-rs-6012e7472748c color-scheme- text-left wd-width-enabled vc_custom_1611851605525\" style=\"--wd-max-width: 80%;\">\n\t\t\t\t<div class=\"woodmart-title-container woodmart-text-block reset-last-child font-text wd-font-weight- \">\n\t\t\t\t\t<strong>B\u00e1\u00f0ar lei\u00f0ir \u2013 ver\u00f0 54.900 kr pr mann<\/strong> me\u00f0 23 kg innrita\u00f0ri t\u00f6sku og 8 kg handfarangri:\t\t\t\t<\/div>\n\n\t\t\t\t\t\t\t<\/div>\n\t\t\t\t\t<div id=\"wd-6012e75f4d3fd\" class=\"wd-text-block-wrapper wd-wpb wd-rs-6012e75f4d3fd color-scheme- text-left wd-width-enabled \" style=\"--wd-max-width: 80%;\">\n\t\t\t\t<div class=\"woodmart-title-container woodmart-text-block reset-last-child font-text wd-font-weight- \">\n\t\t\t\t\t<\/p>\n<ul>\n<li>26.03. \u2013 ALC-KEF: flogi\u00f0 fr\u00e1 Alicante um kl 13;05 og lent \u00ed Keflav\u00edk um kl 18;50 \u2013 Flugn\u00famer FI-1071<\/li>\n<li>08.04. \u2013 KEF-ALC: flogi\u00f0 fr\u00e1 Keflav\u00edk um kl 08;30 og lent \u00ed Alicante um kl 13;05 \u2013 Flugn\u00famer FI-1070<\/li>\n<\/ul>\n<p>\t\t\t\t<\/div>\n\n\t\t\t\t\t\t\t<\/div>\n\t\t\t\t\t<div id=\"wd-604f845ebeef9\" class=\"wd-text-block-wrapper wd-wpb wd-rs-604f845ebeef9 color-scheme- text-left wd-width-enabled vc_custom_1615823969593\" style=\"--wd-max-width: 80%;\">\n\t\t\t\t<div class=\"woodmart-title-container woodmart-text-block reset-last-child font-text wd-font-weight- \">\n\t\t\t\t\t<strong>\u00d6nnur lei\u00f0in: ver\u00f0 fr\u00e1 29.900 kr.<\/strong>\t\t\t\t<\/div>\n\n\t\t\t\t\t\t\t<\/div>\n\t\t\t\t\t<div id=\"wd-604f847e4f1f7\" class=\"wd-text-block-wrapper wd-wpb wd-rs-604f847e4f1f7 color-scheme- text-left wd-width-enabled \" style=\"--wd-max-width: 80%;\">\n\t\t\t\t<div class=\"woodmart-title-container woodmart-text-block reset-last-child font-text wd-font-weight- \">\n\t\t\t\t\t<\/p>\n<ul>\n<li>26.03. KEF- ALC <span style=\"color: #ff0000;\"><a style=\"color: #ff0000;\" href=\"https:\/\/costablancatravel.is\/flugbokun\/skraning-a-bidlista-beint-leiguflug-til-og-fra-spani-paskaflug\/\">(UPPSELT) \u2013 Skr\u00e1\u00f0u \u00feig \u00e1 bi\u00f0lista<\/a><\/span><\/li>\n<li>08.04. KEF-ALC: F\u00e1 \u00cdslandi kl 08:30 og lent \u00ed Alicante um kl 13:05 \u2013 Flugn\u00famer FI-1070 \u2013 Ver\u00f0 29.900<\/li>\n<li>26.03. ALC-KEF: Fr\u00e1 Alicante um kl 15:05 og lent \u00ed Keflav\u00edk um kl 18:50 \u2013 Flugn\u00famer FI-1071 \u2013 Ver\u00f0 29.900<\/li>\n<li>08.04. ALC- KEF<\/li>\n<\/ul>\n<p>\t\t\t\t<\/div>\n\n\t\t\t\t\t\t\t<\/div>\n\t\t\t\t\t<div id=\"wd-6012e82314527\" class=\"wd-text-block-wrapper wd-wpb wd-rs-6012e82314527 color-scheme- text-left wd-width-enabled \" style=\"--wd-max-width: 80%;\">\n\t\t\t\t<div class=\"woodmart-title-container woodmart-text-block reset-last-child font-text wd-font-weight- \">\n\t\t\t\t\tF\u00e9lagar \u00ed Vildarkl\u00fabbi Sp\u00e1narheimila geta b\u00f3ka\u00f0 flugs\u00e6ti \u00e1 betri kj\u00f6rum. N\u00e1nari uppl\u00fdsingar um kl\u00fabbinn: <a href=\"https:\/\/spanarheimili.is\/vildarklubbur\/\" target=\"_blank\" rel=\"noopener noreferrer\">https:\/\/spanarheimili.is\/vildarklubbur\/<\/a><\/p>\n<p>Ekki \u00fearf a\u00f0 grei\u00f0a fyrir b\u00f3ku\u00f0 flugs\u00e6ti strax en me\u00f0 b\u00f3kun \u00e1 s\u00e6ti\/s\u00e6tum \u00ed gegnum ne\u00f0angreindan b\u00f3kunarlink er vi\u00f0skiptavinur a\u00f0 sta\u00f0festa kaup \u00e1 flugs\u00e6tum og mun f\u00e1 sendan grei\u00f0slulink til fullna\u00f0argrei\u00f0slu \u00ed lok febr\u00faar n\u00e6stkomandi.<\/p>\n<p>Far\u00feegar \u00feurfa ekki a\u00f0 fara \u00ed skimun e\u00f0a skila inn Covid-pr\u00f3fi fyrir komuna til Sp\u00e1nar. Allir flugfar\u00feegar (\u00fe\u00f3 ekki f\u00e6dd 2006 og yngri) \u00feurfa a\u00f0 fara \u00ed skimum \u00e1 Keflav\u00edkurflugvelli og 5 daga s\u00f3ttkv\u00ed fram a\u00f0 s\u00ed\u00f0ari s\u00fdnat\u00f6ku.<\/p>\n<p>N\u00e1nari uppl\u00fdsingar \u00ed 5-585858 \u00e1 <a href=\"mailto:sandra@spanarheimili.is\">sandra@spanarheimili.is<\/a> e\u00f0a <a href=\"mailto:bjarni@spanarheimili.is\">bjarni@spanarheimili.is<\/a>\t\t\t\t<\/div>\n\n\t\t\t\t\t\t\t<\/div>\n\t\t[vc_btn title=&#8220;SMELLTU H\u00c9R TIL A\u00d0 B\u00d3KA FLUGS\u00c6TI&#8220; shape=&#8220;round&#8220; color=&#8220;primary&#8220; size=&#8220;lg&#8220; align=&#8220;center&#8220; i_icon_fontawesome=&#8220;fas fa-tags&#8220; css_animation=&#8220;bounceInUp&#8220; add_icon=&#8220;true&#8220; link=&#8220;url:https%3A%2F%2Fcostablancatravel.is%2Fflugbokun%2Fbeint-leiguflug-til-og-fra-spani-paskaflug-2%2F|title:Beint%20leiguflug%20til%20og%20fr%C3%A1%20Sp%C3%A1ni%20%E2%80%93%20P%C3%A1skaflug&#8220;][vc_row_inner css=&#8220;.vc_custom_1611851681656{margin-top: 33px !important;}&#8220; row_reverse_mobile=&#8220;0&#8243; row_reverse_tablet=&#8220;0&#8243;][vc_column_inner][vc_column_text text_larger=&#8220;no&#8220;]<img loading=\"lazy\" decoding=\"async\" class=\"size-full wp-image-1286 aligncenter\" src=\"https:\/\/costablancatravel.is\/flugbokun\/wp-content\/uploads\/2020\/12\/logostrip.png\" alt=\"\" width=\"600\" height=\"139\" srcset=\"https:\/\/costablancatravel.is\/flugbokun\/wp-content\/uploads\/2020\/12\/logostrip.png 600w, https:\/\/costablancatravel.is\/flugbokun\/wp-content\/uploads\/2020\/12\/logostrip-300x70.png 300w\" sizes=\"auto, (max-width: 600px) 100vw, 600px\" \/>[\/vc_column_text][\/vc_column_inner][\/vc_row_inner][\/vc_column][vc_column width=&#8220;1\/4&#8243; woodmart_parallax=&#8220;0&#8243; parallax_scroll=&#8220;no&#8220; woodmart_sticky_column=&#8220;false&#8220; css=&#8220;.vc_custom_1604611006340{margin-bottom: 4vh !important;}&#8220; mobile_bg_img_hidden=&#8220;no&#8220; tablet_bg_img_hidden=&#8220;no&#8220; mobile_reset_margin=&#8220;no&#8220; tablet_reset_margin=&#8220;no&#8220;][vc_single_image image=&#8220;1460&#8243; img_size=&#8220;full&#8220; alignment=&#8220;center&#8220; parallax_scroll=&#8220;no&#8220;][\/vc_column][\/vc_row]<\/p>\n<\/div>","protected":false},"excerpt":{"rendered":"<p>[vc_row full_width=&#8220;stretch_row&#8220; full_height=&#8220;yes&#8220; equal_height=&#8220;yes&#8220; content_placement=&#8220;bottom&#8220; woodmart_parallax=&#8220;0&#8243; woodmart_gradient_switch=&#8220;no&#8220; row_reverse_mobile=&#8220;0&#8243; row_reverse_tablet=&#8220;0&#8243; woodmart_disable_overflow=&#8220;0&#8243; mobile_bg_img_hidden=&#8220;no&#8220; tablet_bg_img_hidden=&#8220;no&#8220; css=&#8220;.vc_custom_1611850693281{margin-top: 99px !important;background-image: url(https:\/\/costablancatravel.is\/flugbokun\/wp-content\/uploads\/2020\/12\/bak.jpg?id=1276) !important;background-position: 0 0 !important;background-repeat:<\/p>\n","protected":false},"author":1,"featured_media":0,"parent":0,"menu_order":0,"comment_status":"closed","ping_status":"closed","template":"","meta":{"footnotes":""},"class_list":["post-183","page","type-page","status-publish","hentry"],"_links":{"self":[{"href":"https:\/\/costablancatravel.is\/flugbokun\/wp-json\/wp\/v2\/pages\/183","targetHints":{"allow":["GET"]}}],"collection":[{"href":"https:\/\/costablancatravel.is\/flugbokun\/wp-json\/wp\/v2\/pages"}],"about":[{"href":"https:\/\/costablancatravel.is\/flugbokun\/wp-json\/wp\/v2\/types\/page"}],"author":[{"embeddable":true,"href":"https:\/\/costablancatravel.is\/flugbokun\/wp-json\/wp\/v2\/users\/1"}],"replies":[{"embeddable":true,"href":"https:\/\/costablancatravel.is\/flugbokun\/wp-json\/wp\/v2\/comments?post=183"}],"version-history":[{"count":74,"href":"https:\/\/costablancatravel.is\/flugbokun\/wp-json\/wp\/v2\/pages\/183\/revisions"}],"predecessor-version":[{"id":1858,"href":"https:\/\/costablancatravel.is\/flugbokun\/wp-json\/wp\/v2\/pages\/183\/revisions\/1858"}],"wp:attachment":[{"href":"https:\/\/costablancatravel.is\/flugbokun\/wp-json\/wp\/v2\/media?parent=183"}],"curies":[{"name":"wp","href":"https:\/\/api.w.org\/{rel}","templated":true}]}}