{"id":1908,"date":"2021-09-01T23:07:05","date_gmt":"2021-09-01T23:07:05","guid":{"rendered":"https:\/\/costablancatravel.is\/flugbokun\/?page_id=1908"},"modified":"2021-09-01T23:10:22","modified_gmt":"2021-09-01T23:10:22","slug":"costablanca-open-2021","status":"publish","type":"page","link":"https:\/\/costablancatravel.is\/flugbokun\/","title":{"rendered":"Costablanca Open 2021"},"content":{"rendered":"<div class=\"wpb-content-wrapper\"><p>[vc_row full_width=&#8220;stretch_row&#8220; full_height=&#8220;yes&#8220; columns_placement=&#8220;top&#8220; content_placement=&#8220;top&#8220; woodmart_parallax=&#8220;0&#8243; woodmart_gradient_switch=&#8220;no&#8220; row_reverse_mobile=&#8220;0&#8243; row_reverse_tablet=&#8220;0&#8243; woodmart_disable_overflow=&#8220;0&#8243; mobile_bg_img_hidden=&#8220;no&#8220; tablet_bg_img_hidden=&#8220;no&#8220; css=&#8220;.vc_custom_1630537802126{background-position: 0 0 !important;background-repeat: no-repeat !important;}&#8220;][vc_column width=&#8220;1\/2&#8243; woodmart_parallax=&#8220;0&#8243; parallax_scroll=&#8220;no&#8220; woodmart_sticky_column=&#8220;false&#8220; mobile_bg_img_hidden=&#8220;no&#8220; tablet_bg_img_hidden=&#8220;no&#8220; mobile_reset_margin=&#8220;no&#8220; tablet_reset_margin=&#8220;no&#8220;]\t\t\t<div id=\"wd-6130071c8c821\" class=\"wd-text-block-wrapper wd-wpb wd-rs-6130071c8c821 color-scheme-dark text-left wd-width-enabled \" style=\"--wd-max-width: 80%;\">\n\t\t\t\t<div class=\"woodmart-title-container woodmart-text-block reset-last-child font-primary wd-font-weight- \">\n\t\t\t\t\tCostablanca Open 2021\t\t\t\t<\/div>\n\n\t\t\t\t\t\t\t<\/div>\n\t\t\t\t\t<div id=\"wd-613007499b4c2\" class=\"wd-text-block-wrapper wd-wpb wd-rs-613007499b4c2 color-scheme- text-left wd-width-enabled \" style=\"--wd-max-width: 80%;\">\n\t\t\t\t<div class=\"woodmart-title-container woodmart-text-block reset-last-child font-text wd-font-weight- \">\n\t\t\t\t\tGrei\u00f0sla me\u00f0 kreditkorti \u00e1 lokagrei\u00f0slu \u00fe\u00e1ttt\u00f6kugjalds.\t\t\t\t<\/div>\n\n\t\t\t\t\t\t\t<\/div>\n\t\t[vc_btn title=&#8220;SMELLTU H\u00c9R TIL A\u00d0 BORGA \u00de\u00c1TTT\u00d6KUGJALD&#8220; shape=&#8220;round&#8220; color=&#8220;primary&#8220; size=&#8220;lg&#8220; align=&#8220;left&#8220; i_icon_fontawesome=&#8220;fas fa-tags&#8220; css_animation=&#8220;bounceInUp&#8220; add_icon=&#8220;true&#8220; link=&#8220;url:https%3A%2F%2Fcostablancatravel.is%2Fflugbokun%2Fproduct%2Fcostablanca-open-2021%2F|title:Costablanca%20Open%202021&#8243;][\/vc_column][vc_column width=&#8220;1\/2&#8243; woodmart_parallax=&#8220;0&#8243; parallax_scroll=&#8220;no&#8220; woodmart_sticky_column=&#8220;false&#8220; css=&#8220;.vc_custom_1604611006340{margin-bottom: 4vh !important;}&#8220; mobile_bg_img_hidden=&#8220;no&#8220; tablet_bg_img_hidden=&#8220;no&#8220; mobile_reset_margin=&#8220;no&#8220; tablet_reset_margin=&#8220;no&#8220;]\t\t<div id=\"gallery_718\" class=\"wd-images-gallery wd-wpb\" style=\"--wd-justify-content:center;--wd-align-items:center;\">\n\t\t\t\n\t\t\t<div class=\" wd-grid-g\" style=\"--wd-col-lg:1;--wd-col-md:1;--wd-col-sm:1;--wd-gap-lg:0px;\">\n\t\t\t\t\n\t\t\t\t\t\t\t\t\t\t\t\t\t\t\t<div class=\"wd-gallery-item wd-col\">\n\t\t\t\t\t\t\t\n\t\t\t\t\t\t\t\t<img loading=\"lazy\" decoding=\"async\" width=\"960\" height=\"720\" src=\"https:\/\/costablancatravel.is\/flugbokun\/wp-content\/uploads\/2021\/09\/golfvollur.jpg\" class=\"wd-gallery-image image-1\" alt=\"\" srcset=\"https:\/\/costablancatravel.is\/flugbokun\/wp-content\/uploads\/2021\/09\/golfvollur.jpg 960w, https:\/\/costablancatravel.is\/flugbokun\/wp-content\/uploads\/2021\/09\/golfvollur-300x225.jpg 300w, https:\/\/costablancatravel.is\/flugbokun\/wp-content\/uploads\/2021\/09\/golfvollur-768x576.jpg 768w, https:\/\/costablancatravel.is\/flugbokun\/wp-content\/uploads\/2021\/09\/golfvollur-600x450.jpg 600w\" sizes=\"auto, (max-width: 960px) 100vw, 960px\" \/>\n\t\t\t\t\t\t\t\t\t\t\t\t\t\t<\/div>\n\t\t\t\t\t\t\t\t\t\n\t\t\t\t\t\t\t<\/div>\n\n\t\t\t\t\t<\/div>\n\t\t[\/vc_column][\/vc_row]<\/p>\n<\/div>","protected":false},"excerpt":{"rendered":"<p>[vc_row full_width=&#8220;stretch_row&#8220; full_height=&#8220;yes&#8220; columns_placement=&#8220;top&#8220; content_placement=&#8220;top&#8220; woodmart_parallax=&#8220;0&#8243; woodmart_gradient_switch=&#8220;no&#8220; row_reverse_mobile=&#8220;0&#8243; row_reverse_tablet=&#8220;0&#8243; woodmart_disable_overflow=&#8220;0&#8243; mobile_bg_img_hidden=&#8220;no&#8220; tablet_bg_img_hidden=&#8220;no&#8220; css=&#8220;.vc_custom_1630537802126{background-position: 0 0 !important;background-repeat: no-repeat !important;}&#8220;][vc_column width=&#8220;1\/2&#8243; woodmart_parallax=&#8220;0&#8243;<\/p>\n","protected":false},"author":1,"featured_media":0,"parent":0,"menu_order":0,"comment_status":"closed","ping_status":"closed","template":"","meta":{"footnotes":""},"class_list":["post-1908","page","type-page","status-publish","hentry"],"_links":{"self":[{"href":"https:\/\/costablancatravel.is\/flugbokun\/wp-json\/wp\/v2\/pages\/1908","targetHints":{"allow":["GET"]}}],"collection":[{"href":"https:\/\/costablancatravel.is\/flugbokun\/wp-json\/wp\/v2\/pages"}],"about":[{"href":"https:\/\/costablancatravel.is\/flugbokun\/wp-json\/wp\/v2\/types\/page"}],"author":[{"embeddable":true,"href":"https:\/\/costablancatravel.is\/flugbokun\/wp-json\/wp\/v2\/users\/1"}],"replies":[{"embeddable":true,"href":"https:\/\/costablancatravel.is\/flugbokun\/wp-json\/wp\/v2\/comments?post=1908"}],"version-history":[{"count":5,"href":"https:\/\/costablancatravel.is\/flugbokun\/wp-json\/wp\/v2\/pages\/1908\/revisions"}],"predecessor-version":[{"id":1913,"href":"https:\/\/costablancatravel.is\/flugbokun\/wp-json\/wp\/v2\/pages\/1908\/revisions\/1913"}],"wp:attachment":[{"href":"https:\/\/costablancatravel.is\/flugbokun\/wp-json\/wp\/v2\/media?parent=1908"}],"curies":[{"name":"wp","href":"https:\/\/api.w.org\/{rel}","templated":true}]}}