{"id":378,"date":"2020-09-18T19:09:37","date_gmt":"2020-09-18T19:09:37","guid":{"rendered":"https:\/\/costablancatravel.is\/flugbokun\/?page_id=378"},"modified":"2020-12-01T09:44:14","modified_gmt":"2020-12-01T09:44:14","slug":"skilmalar","status":"publish","type":"page","link":"https:\/\/costablancatravel.is\/flugbokun\/skilmalar\/","title":{"rendered":"Skilm\u00e1lar"},"content":{"rendered":"<p style=\"font-weight: 400;\">Almennir fer\u00f0askilm\u00e1lar Icelandair gilda um \u00feetta flug sbr\u00a0<strong><a href=\"http:\/\/www.icelandair.com\/is\/adstod\/skilmalar-og-skilyrdi\" data-saferedirecturl=\"https:\/\/www.google.com\/url?q=http:\/\/www.icelandair.com\/is\/adstod\/skilmalar-og-skilyrdi&amp;source=gmail&amp;ust=1606901388525000&amp;usg=AFQjCNGhYj5ko4yVvEwsQGQhal_50pYKog\">www.icelandair.com\/is\/adstod\/skilmalar-og-skilyrdi<\/a><\/strong>\u00a0. Einnig eru gildi s\u00e9rstakir Covid-19 fer\u00f0a- og uppl\u00fdsingarskilm\u00e1lar hj\u00e1 Icelandair og eiga \u00fe\u00e6r uppl\u00fdsingar og skilm\u00e1lar sem koma \u00fear fram um \u00feetta leiguflug. Hvetjum far\u00feega a\u00f0 kynna s\u00e9r \u00fe\u00e6r h\u00e9r vel \u00a0<strong><a href=\"https:\/\/www.icelandair.com\/is\/adstod\/covid-19\/um-sottvarnir\/\" data-saferedirecturl=\"https:\/\/www.google.com\/url?q=https:\/\/www.icelandair.com\/is\/adstod\/covid-19\/um-sottvarnir\/&amp;source=gmail&amp;ust=1606901388525000&amp;usg=AFQjCNHKHfkv9TEuy0jAVSqutGVVPbTjVA\">https:\/\/www.icelandair.com\/is\/adstod\/covid-19\/um-sottvarnir\/<\/a><\/strong>\u00a0og einnig fer\u00f0ar\u00e1\u00f0 \u00edslenskra stj\u00f3rnvalda vegna Covid-19 heimsfaraldursins sbr\u00a0<a href=\"https:\/\/www.stjornarradid.is\/verkefni\/utanrikismal\/adstod-erlendis\/ferdarad-vegna-covid-19\/\" data-saferedirecturl=\"https:\/\/www.google.com\/url?q=https:\/\/www.stjornarradid.is\/verkefni\/utanrikismal\/adstod-erlendis\/ferdarad-vegna-covid-19\/&amp;source=gmail&amp;ust=1606901388525000&amp;usg=AFQjCNGXURqrsTmuiHDnsgVuIHIlnPd1nw\">https:\/\/www.stjornarradid.is\/verkefni\/utanrikismal\/adstod-erlendis\/ferdarad-vegna-covid-19\/<\/a><\/p>\n<p style=\"font-weight: 400;\"><strong>Vi\u00f0b\u00f3tarfer\u00f0askilm\u00e1lar um leiguflugi\u00f0 vegna Covid-19<\/strong><\/p>\n<p style=\"font-weight: 400;\">\u2013 \u00a0ef a\u00f0st\u00e6\u00f0ur \u00e1 \u00cdslandi e\u00f0a \u00e1 Sp\u00e1ni versnar verulega til muna fram a\u00f0 brottf\u00f6r svo og\/e\u00f0a a\u00f0 \u00f3m\u00f6gulegt reynist a\u00f0 framkv\u00e6ma \u00feetta leiguflug vegna n\u00fdrra fer\u00f0atakmarkana \u00fe\u00e1 bakf\u00e6rist\/endurgrei\u00f0ist kortagrei\u00f0slan fyrir \u00fatl\u00f6g\u00f0um fer\u00f0akostna\u00f0i. Full endugrei\u00f0sla kemur til ef leiguflugi\u00f0 ver\u00f0ur afl\u00fdst.<\/p>\n<p style=\"font-weight: 400;\">\u2013 \u00a0ef \u00cdsland er \u00e1 rau\u00f0um lista Evr\u00f3pusambandsins um opnun landam\u00e6ra fyrir fer\u00f0al\u00f6gum gera sp\u00e6nsk yfirv\u00f6ld kr\u00f6fu um a\u00f0 flugfar\u00feegi framv\u00edsi ekki eldra en 72 klst Covid-pr\u00f3fi vi\u00f0 komun til Sp\u00e1nar. Allur kostna\u00f0ur vi\u00f0 sl\u00edkt Covid pr\u00f3f ver\u00f0ur flugfar\u00feegi a\u00f0 bera sj\u00e1lfur.<\/p>\n<p style=\"font-weight: 400;\">\u2013 ef far\u00feegi greinist me\u00f0 Covid-19 fyrir brottf\u00f6r e\u00f0a hefur veri\u00f0 settur \u00ed s\u00f3ttkv\u00ed af h\u00e1lfu yfirvalda innan vi\u00f0 5 daga a\u00f0 flugbrottf\u00f6r sem veldur \u00fev\u00ed a\u00f0 hann kemst ekki \u00ed flugi\u00f0 \u00fe\u00e1 endurgrei\u00f0ist a\u00f0 fullu \u00fatlag\u00f0ur fer\u00f0akostna\u00f0ur. \u00deetta \u00e1 og vi\u00f0 um samfer\u00f0arfar\u00feega sem eru \u00ed s\u00f6mu b\u00f3kun.<\/p>\n","protected":false},"excerpt":{"rendered":"<p>Almennir fer\u00f0askilm\u00e1lar Icelandair gilda um \u00feetta flug sbr\u00a0www.icelandair.com\/is\/adstod\/skilmalar-og-skilyrdi\u00a0. Einnig eru gildi s\u00e9rstakir Covid-19 fer\u00f0a- og uppl\u00fdsingarskilm\u00e1lar hj\u00e1 Icelandair og eiga<\/p>\n","protected":false},"author":1,"featured_media":0,"parent":0,"menu_order":0,"comment_status":"closed","ping_status":"closed","template":"","meta":{"footnotes":""},"class_list":["post-378","page","type-page","status-publish","hentry"],"_links":{"self":[{"href":"https:\/\/costablancatravel.is\/flugbokun\/wp-json\/wp\/v2\/pages\/378","targetHints":{"allow":["GET"]}}],"collection":[{"href":"https:\/\/costablancatravel.is\/flugbokun\/wp-json\/wp\/v2\/pages"}],"about":[{"href":"https:\/\/costablancatravel.is\/flugbokun\/wp-json\/wp\/v2\/types\/page"}],"author":[{"embeddable":true,"href":"https:\/\/costablancatravel.is\/flugbokun\/wp-json\/wp\/v2\/users\/1"}],"replies":[{"embeddable":true,"href":"https:\/\/costablancatravel.is\/flugbokun\/wp-json\/wp\/v2\/comments?post=378"}],"version-history":[{"count":5,"href":"https:\/\/costablancatravel.is\/flugbokun\/wp-json\/wp\/v2\/pages\/378\/revisions"}],"predecessor-version":[{"id":1191,"href":"https:\/\/costablancatravel.is\/flugbokun\/wp-json\/wp\/v2\/pages\/378\/revisions\/1191"}],"wp:attachment":[{"href":"https:\/\/costablancatravel.is\/flugbokun\/wp-json\/wp\/v2\/media?parent=378"}],"curies":[{"name":"wp","href":"https:\/\/api.w.org\/{rel}","templated":true}]}}