{"id":1904,"date":"2021-09-01T20:44:06","date_gmt":"2021-09-01T20:44:06","guid":{"rendered":"https:\/\/costablancatravel.is\/flugbokun\/?post_type=product&#038;p=1904"},"modified":"2026-04-14T09:57:24","modified_gmt":"2026-04-14T09:57:24","slug":"costablanca-open-2021","status":"publish","type":"product","link":"https:\/\/costablancatravel.is\/flugbokun\/product\/costablanca-open-2021\/","title":{"rendered":"Costablanca Open 2021"},"content":{"rendered":"","protected":false},"excerpt":{"rendered":"<h4>Grei\u00f0sla me\u00f0 kretidkorti \u00e1 lokagrei\u00f0slu \u00fe\u00e1ttt\u00f6kugjalds. Vinsamlegast haka\u00f0u vi\u00f0 \u00fe\u00e1 fj\u00e1rh\u00e6\u00f0 sem \u00fe\u00e9r ber a\u00f0 grei\u00f0a og smelltu \u00e1 hnappinn til a\u00f0 ganga fr\u00e1 grei\u00f0slunni.<\/h4>\n","protected":false},"featured_media":1905,"template":"","meta":[],"product_brand":[],"product_cat":[18],"product_tag":[],"class_list":{"0":"post-1904","1":"product","2":"type-product","3":"status-publish","4":"has-post-thumbnail","6":"product_cat-aukathjonusta","8":"first","9":"instock","10":"virtual","11":"sold-individually","12":"purchasable","13":"product-type-simple"},"_links":{"self":[{"href":"https:\/\/costablancatravel.is\/flugbokun\/wp-json\/wp\/v2\/product\/1904","targetHints":{"allow":["GET"]}}],"collection":[{"href":"https:\/\/costablancatravel.is\/flugbokun\/wp-json\/wp\/v2\/product"}],"about":[{"href":"https:\/\/costablancatravel.is\/flugbokun\/wp-json\/wp\/v2\/types\/product"}],"wp:featuredmedia":[{"embeddable":true,"href":"https:\/\/costablancatravel.is\/flugbokun\/wp-json\/wp\/v2\/media\/1905"}],"wp:attachment":[{"href":"https:\/\/costablancatravel.is\/flugbokun\/wp-json\/wp\/v2\/media?parent=1904"}],"wp:term":[{"taxonomy":"product_brand","embeddable":true,"href":"https:\/\/costablancatravel.is\/flugbokun\/wp-json\/wp\/v2\/product_brand?post=1904"},{"taxonomy":"product_cat","embeddable":true,"href":"https:\/\/costablancatravel.is\/flugbokun\/wp-json\/wp\/v2\/product_cat?post=1904"},{"taxonomy":"product_tag","embeddable":true,"href":"https:\/\/costablancatravel.is\/flugbokun\/wp-json\/wp\/v2\/product_tag?post=1904"}],"curies":[{"name":"wp","href":"https:\/\/api.w.org\/{rel}","templated":true}]}}