{"id":2153,"date":"2018-11-21T14:52:15","date_gmt":"2018-11-21T14:52:15","guid":{"rendered":"http:\/\/dummy.xtemos.com\/woodmart\/demos\/?page_id=2153"},"modified":"2020-10-24T12:25:49","modified_gmt":"2020-10-24T12:25:49","slug":"heim","status":"publish","type":"page","link":"https:\/\/costablancatravel.is\/kannanir\/","title":{"rendered":"Heim"},"content":{"rendered":"<div class=\"wpb-content-wrapper\"><p>[vc_row full_width=&#8220;stretch_row_content&#8220; full_height=&#8220;yes&#8220; content_placement=&#8220;top&#8220; woodmart_parallax=&#8220;0&#8243; woodmart_gradient_switch=&#8220;no&#8220; row_reverse_mobile=&#8220;0&#8243; row_reverse_tablet=&#8220;0&#8243; woodmart_disable_overflow=&#8220;0&#8243; mobile_bg_img_hidden=&#8220;no&#8220; tablet_bg_img_hidden=&#8220;no&#8220; css=&#8220;.vc_custom_1603127280559{margin-bottom: -40px !important;background-image: url(https:\/\/costablancatravel.is\/kannanir\/wp-content\/uploads\/2020\/10\/blue-skies-2.jpg?id=2535) !important;background-position: center !important;background-repeat: no-repeat !important;background-size: cover !important;}&#8220;][vc_column width=&#8220;1\/2&#8243; woodmart_parallax=&#8220;0&#8243; parallax_scroll=&#8220;no&#8220; woodmart_sticky_column=&#8220;false&#8220; mobile_bg_img_hidden=&#8220;no&#8220; tablet_bg_img_hidden=&#8220;no&#8220; mobile_reset_margin=&#8220;no&#8220; tablet_reset_margin=&#8220;no&#8220;][vc_single_image image=&#8220;2498&#8243; img_size=&#8220;full&#8220; alignment=&#8220;center&#8220; parallax_scroll=&#8220;no&#8220;][\/vc_column][vc_column width=&#8220;1\/2&#8243; woodmart_parallax=&#8220;0&#8243; parallax_scroll=&#8220;no&#8220; woodmart_sticky_column=&#8220;false&#8220; css=&#8220;.vc_custom_1538148062336{margin-bottom: 4vh !important;}&#8220;]\t\t\t<div id=\"wd-5f941d3a40e72\" class=\"wd-text-block-wrapper wd-wpb wd-rs-5f941d3a40e72 color-scheme-light text-left wd-width-enabled \" style=\"--wd-max-width: 80%;\">\n\t\t\t\t<div class=\"woodmart-title-container woodmart-text-block reset-last-child font-primary wd-font-weight- \">\n\t\t\t\t\t\u00c1hugak\u00f6nnun um leiguflug Sp\u00e1narheimila og samstarfsa\u00f0ila \u00ed desember\/jan\u00faar\t\t\t\t<\/div>\n\n\t\t\t\t\t\t\t<\/div>\n\t\t\t\t\t<div id=\"wd-5f8dc9236dca5\" class=\"wd-text-block-wrapper wd-wpb wd-rs-5f8dc9236dca5 color-scheme-light text-left wd-width-enabled \" style=\"--wd-max-width: 60%;\">\n\t\t\t\t<div class=\"woodmart-title-container woodmart-text-block reset-last-child font-primary wd-font-weight- wd-fontsize-m\">\n\t\t\t\t\tVi\u00f0 bi\u00f0jum \u00fe\u00e1tttakendur a\u00f0 taka a\u00f0eins \u00fe\u00e1tt ef \u00feeir telji meiri l\u00edkur en minni a\u00f0 \u00feeir n\u00fdti s\u00e9r leiguflug Sp\u00e1narheimila.\t\t\t\t<\/div>\n\n\t\t\t\t\t\t\t<\/div>\n\t\t<div id=\"wd-5f8dca6ce1ccf\" class=\" wd-rs-5f8dca6ce1ccf  wd-button-wrapper text-left\"><a href=\"https:\/\/costablancatravel.is\/kannanir\/ahugakonnun-um-leiguflug\/\" title=\"\u00c1hugak\u00f6nnun um leiguflug\" class=\"btn btn-color-primary btn-style-default btn-shape-rectangle btn-size-large\">SMELLTU H\u00c9R TIL A\u00d0 TAKA \u00de\u00c1TT \u00cd K\u00d6NNUNINNI<\/a><\/div>[\/vc_column][\/vc_row]<\/p>\n<\/div>","protected":false},"excerpt":{"rendered":"<p>[vc_row full_width=&#8220;stretch_row_content&#8220; full_height=&#8220;yes&#8220; content_placement=&#8220;top&#8220; woodmart_parallax=&#8220;0&#8243; woodmart_gradient_switch=&#8220;no&#8220; row_reverse_mobile=&#8220;0&#8243; row_reverse_tablet=&#8220;0&#8243; woodmart_disable_overflow=&#8220;0&#8243; mobile_bg_img_hidden=&#8220;no&#8220; tablet_bg_img_hidden=&#8220;no&#8220; css=&#8220;.vc_custom_1603127280559{margin-bottom: -40px !important;background-image: url(https:\/\/costablancatravel.is\/kannanir\/wp-content\/uploads\/2020\/10\/blue-skies-2.jpg?id=2535) !important;background-position: center !important;background-repeat: no-repeat !important;background-size:<\/p>\n","protected":false},"author":1,"featured_media":0,"parent":0,"menu_order":0,"comment_status":"closed","ping_status":"closed","template":"","meta":{"footnotes":""},"class_list":["post-2153","page","type-page","status-publish","hentry"],"_links":{"self":[{"href":"https:\/\/costablancatravel.is\/kannanir\/wp-json\/wp\/v2\/pages\/2153","targetHints":{"allow":["GET"]}}],"collection":[{"href":"https:\/\/costablancatravel.is\/kannanir\/wp-json\/wp\/v2\/pages"}],"about":[{"href":"https:\/\/costablancatravel.is\/kannanir\/wp-json\/wp\/v2\/types\/page"}],"author":[{"embeddable":true,"href":"https:\/\/costablancatravel.is\/kannanir\/wp-json\/wp\/v2\/users\/1"}],"replies":[{"embeddable":true,"href":"https:\/\/costablancatravel.is\/kannanir\/wp-json\/wp\/v2\/comments?post=2153"}],"version-history":[{"count":25,"href":"https:\/\/costablancatravel.is\/kannanir\/wp-json\/wp\/v2\/pages\/2153\/revisions"}],"predecessor-version":[{"id":2555,"href":"https:\/\/costablancatravel.is\/kannanir\/wp-json\/wp\/v2\/pages\/2153\/revisions\/2555"}],"wp:attachment":[{"href":"https:\/\/costablancatravel.is\/kannanir\/wp-json\/wp\/v2\/media?parent=2153"}],"curies":[{"name":"wp","href":"https:\/\/api.w.org\/{rel}","templated":true}]}}