{"id":2495,"date":"2020-10-19T11:16:06","date_gmt":"2020-10-19T11:16:06","guid":{"rendered":"https:\/\/costablancatravel.is\/kannanir\/?page_id=2495"},"modified":"2020-10-24T12:29:27","modified_gmt":"2020-10-24T12:29:27","slug":"ahugakonnun-um-leiguflug","status":"publish","type":"page","link":"https:\/\/costablancatravel.is\/kannanir\/ahugakonnun-um-leiguflug\/","title":{"rendered":"\u00c1hugak\u00f6nnun um leiguflug"},"content":{"rendered":"<div class=\"wpb-content-wrapper\"><p>[vc_row full_width=&#8220;stretch_row&#8220; full_height=&#8220;yes&#8220; css=&#8220;.vc_custom_1603127614944{margin-bottom: -40px !important;padding-top: 155px !important;padding-bottom: 123px !important;background-image: url(https:\/\/costablancatravel.is\/kannanir\/wp-content\/uploads\/2020\/10\/blue-skies-2.jpg?id=2535) !important;background-position: center !important;background-repeat: no-repeat !important;background-size: cover !important;}&#8220; mobile_bg_img_hidden=&#8220;no&#8220; tablet_bg_img_hidden=&#8220;no&#8220; woodmart_parallax=&#8220;0&#8243; woodmart_gradient_switch=&#8220;no&#8220; row_reverse_mobile=&#8220;0&#8243; row_reverse_tablet=&#8220;0&#8243; woodmart_disable_overflow=&#8220;0&#8243;][vc_column width=&#8220;1\/6&#8243;][\/vc_column][vc_column width=&#8220;2\/3&#8243; css=&#8220;.vc_custom_1603122474354{padding-top: 22px !important;padding-right: 22px !important;padding-bottom: 22px !important;padding-left: 22px !important;background-color: rgba(255,255,255,0.69) !important;*background-color: rgb(255,255,255) !important;}&#8220; mobile_bg_img_hidden=&#8220;no&#8220; tablet_bg_img_hidden=&#8220;no&#8220; woodmart_parallax=&#8220;0&#8243; woodmart_sticky_column=&#8220;false&#8220; parallax_scroll=&#8220;no&#8220; mobile_reset_margin=&#8220;no&#8220; tablet_reset_margin=&#8220;no&#8220;]\n\t\t<div id=\"wd-5f941d72cff06\" class=\"title-wrapper wd-wpb wd-set-mb reset-last-child  wd-rs-5f941d72cff06 wd-title-color-default wd-title-style-simple text-center  wd-underline-colored\">\n\t\t\t\n\t\t\t<div class=\"liner-continer\">\n\t\t\t\t<h4 class=\"woodmart-title-container title  wd-font-weight- wd-fontsize-xl\" >\u00c1hugak\u00f6nnun um leiguflug Sp\u00e1narheimila<br \/>\nog samstarfsa\u00f0ila \u00ed desember\/jan\u00faar<\/h4>\n\t\t\t\t\t\t\t<\/div>\n\t\t\t\n\t\t\t\n\t\t\t\n\t\t<\/div>\n\t\t\n\t\t\t\t\t<div id=\"wd-5f8eb6f523022\" class=\"wd-text-block-wrapper wd-wpb wd-rs-5f8eb6f523022 color-scheme-custom text-center wd-width-enabled vc_custom_1603188227809\" style=\"--wd-max-width: 70%;\">\n\t\t\t\t<div class=\"woodmart-title-container woodmart-text-block reset-last-child font-primary wd-font-weight- wd-fontsize-m\">\n\t\t\t\t\tBi\u00f0jum \u00fe\u00e1tttakendur a\u00f0 taka a\u00f0eins \u00fe\u00e1tt ef \u00feeir telji meiri l\u00edkur en minni a\u00f0 \u00feeir n\u00fdti s\u00e9r leiguflug Sp\u00e1narheimila.\t\t\t\t<\/div>\n\n\t\t\t\t\t\t\t<\/div>\n\t\t<div class=\"wpforms-container wpforms-container-full\" id=\"wpforms-2501\"><form id=\"wpforms-form-2501\" class=\"wpforms-validate wpforms-form\" data-formid=\"2501\" method=\"post\" enctype=\"multipart\/form-data\" action=\"\/kannanir\/wp-json\/wp\/v2\/pages\/2495\" data-token=\"b6ff8928ca7d793c33a862520c15e611\"><noscript class=\"wpforms-error-noscript\">Please enable JavaScript in your browser to complete this form.<\/noscript><div class=\"wpforms-field-container\"><div id=\"wpforms-2501-field_8-container\" class=\"wpforms-field wpforms-field-text wpforms-one-half wpforms-first\" data-field-id=\"8\"><label class=\"wpforms-field-label\" for=\"wpforms-2501-field_8\">Nafn <span class=\"wpforms-required-label\">*<\/span><\/label><input type=\"text\" id=\"wpforms-2501-field_8\" class=\"wpforms-field-large wpforms-field-required\" name=\"wpforms[fields][8]\" required><\/div><div id=\"wpforms-2501-field_5-container\" class=\"wpforms-field wpforms-field-email wpforms-one-half\" data-field-id=\"5\"><label class=\"wpforms-field-label\" for=\"wpforms-2501-field_5\">Netfang <span class=\"wpforms-required-label\">*<\/span><\/label><input type=\"email\" id=\"wpforms-2501-field_5\" class=\"wpforms-field-large wpforms-field-required\" name=\"wpforms[fields][5]\" required><\/div><div id=\"wpforms-2501-field_18-container\" class=\"wpforms-field wpforms-field-divider\" data-field-id=\"18\"><h3 id=\"wpforms-2501-field_18\" name=\"wpforms[fields][18]\">Hva\u00f0a fluglei\u00f0 hefur \u00fe\u00fa \u00e1huga \u00e1?<\/h3><\/div><div id=\"wpforms-2501-field_14-container\" class=\"wpforms-field wpforms-field-select wpforms-conditional-trigger wpforms-field-select-style-modern\" data-field-id=\"14\"><label class=\"wpforms-field-label\" for=\"wpforms-2501-field_14\">Fyrsta val: <span class=\"wpforms-required-label\">*<\/span><\/label><select id=\"wpforms-2501-field_14\" class=\"wpforms-field-large wpforms-field-required choicesjs-select\" data-size-class=\"wpforms-field-row wpforms-field-large\" name=\"wpforms[fields][14]\" required=\"required\"><option value=\"\" ><\/option><option value=\"1. Beint flug til ALC fyrir j\u00f3l vi\u00f0 byrjun sk\u00f3lafr\u00eds og heim milli j\u00f3la og n\u00fds \u00e1rs \u2013 10 til 12 daga fer\u00f0\" >1. Beint flug til ALC fyrir j\u00f3l vi\u00f0 byrjun sk\u00f3lafr\u00eds og heim milli j\u00f3la og n\u00fds \u00e1rs \u2013 10 til 12 daga fer\u00f0<\/option><option value=\"2. Beint flug til ALC fyrir j\u00f3l vi\u00f0 byrjun sk\u00f3lafr\u00eds og heim \u00ed byrjun jan\u00faar \u2013 18 til 21 daga fer\u00f0\" >2. Beint flug til ALC fyrir j\u00f3l vi\u00f0 byrjun sk\u00f3lafr\u00eds og heim \u00ed byrjun jan\u00faar \u2013 18 til 21 daga fer\u00f0<\/option><option value=\"3. Beint flug til ALC \u00e1 milli j\u00f3la og n\u00fds \u00e1rs og heim \u00ed byrjun jan\u00faar \u2013 7 til 10 daga fer\u00f0\" >3. Beint flug til ALC \u00e1 milli j\u00f3la og n\u00fds \u00e1rs og heim \u00ed byrjun jan\u00faar \u2013 7 til 10 daga fer\u00f0<\/option><option value=\"4. Beint flug til ALC \u00e1 milli j\u00f3la og n\u00fds \u00e1rs og heim \u00ed byrjun jan\u00faar \u2013 11 til 14 daga fer\u00f0\" >4. Beint flug til ALC \u00e1 milli j\u00f3la og n\u00fds \u00e1rs og heim \u00ed byrjun jan\u00faar \u2013 11 til 14 daga fer\u00f0<\/option><option value=\"5. A\u00f0eins \u00e1hugi \u00e1 \u00fatfluginu fyrir j\u00f3l en ekki heimflug\" >5. A\u00f0eins \u00e1hugi \u00e1 \u00fatfluginu fyrir j\u00f3l en ekki heimflug<\/option><option value=\"6. A\u00f0eins \u00e1hugi \u00e1 \u00fatfluginu \u00e1 milli j\u00f3la og n\u00fds \u00e1rs en ekki heimflug\" >6. A\u00f0eins \u00e1hugi \u00e1 \u00fatfluginu \u00e1 milli j\u00f3la og n\u00fds \u00e1rs en ekki heimflug<\/option><option value=\"7. A\u00f0eins \u00e1hugi \u00e1 heimfluginu \u00e1 milli j\u00f3la og n\u00fds \u00e1rs en ekki \u00fatflug\" >7. A\u00f0eins \u00e1hugi \u00e1 heimfluginu \u00e1 milli j\u00f3la og n\u00fds \u00e1rs en ekki \u00fatflug<\/option><option value=\"8. A\u00f0eins \u00e1hugi \u00e1 heimfluginu \u00ed byrjun jan\u00faar en ekki \u00fatflug\" >8. A\u00f0eins \u00e1hugi \u00e1 heimfluginu \u00ed byrjun jan\u00faar en ekki \u00fatflug<\/option><option value=\"9. \u00c1hugi \u00e1 beinu flugi til \u00cdslands fyrir j\u00f3l og aftur til Sp\u00e1nar \u00ed byrjun jarn\u00faar \u2013 dv\u00f6l \u00e1 \u00cdslandi um 3 vikur.\" >9. \u00c1hugi \u00e1 beinu flugi til \u00cdslands fyrir j\u00f3l og aftur til Sp\u00e1nar \u00ed byrjun jarn\u00faar \u2013 dv\u00f6l \u00e1 \u00cdslandi um 3 vikur.<\/option><option value=\"10. \u00c1hugi \u00e1 beinu flugi til \u00cdslands \u00e1 milli j\u00f3la og n\u00fds \u00e1rs og aftur til Sp\u00e1nar \u00ed jan\u00faar \u2013 dv\u00f6l \u00e1 \u00cdslandi um 2 vikur.\" >10. \u00c1hugi \u00e1 beinu flugi til \u00cdslands \u00e1 milli j\u00f3la og n\u00fds \u00e1rs og aftur til Sp\u00e1nar \u00ed jan\u00faar \u2013 dv\u00f6l \u00e1 \u00cdslandi um 2 vikur.<\/option><\/select><\/div><div id=\"wpforms-2501-field_22-container\" class=\"wpforms-field wpforms-field-select wpforms-conditional-field wpforms-conditional-show wpforms-field-select-style-modern\" data-field-id=\"22\" style=\"display:none;\"><label class=\"wpforms-field-label\" for=\"wpforms-2501-field_22\">Anna\u00f0 val:<\/label><select id=\"wpforms-2501-field_22\" class=\"wpforms-field-large choicesjs-select\" data-size-class=\"wpforms-field-row wpforms-field-large\" name=\"wpforms[fields][22]\"><option value=\"\" ><\/option><option value=\"1. Beint flug til ALC fyrir j\u00f3l vi\u00f0 byrjun sk\u00f3lafr\u00eds og heim milli j\u00f3la og n\u00fds \u00e1rs \u2013 10 til 12 daga fer\u00f0\" >1. Beint flug til ALC fyrir j\u00f3l vi\u00f0 byrjun sk\u00f3lafr\u00eds og heim milli j\u00f3la og n\u00fds \u00e1rs \u2013 10 til 12 daga fer\u00f0<\/option><option value=\"2. Beint flug til ALC fyrir j\u00f3l vi\u00f0 byrjun sk\u00f3lafr\u00eds og heim \u00ed byrjun jan\u00faar \u2013 18 til 21 daga fer\u00f0\" >2. Beint flug til ALC fyrir j\u00f3l vi\u00f0 byrjun sk\u00f3lafr\u00eds og heim \u00ed byrjun jan\u00faar \u2013 18 til 21 daga fer\u00f0<\/option><option value=\"3. Beint flug til ALC \u00e1 milli j\u00f3la og n\u00fds \u00e1rs og heim \u00ed byrjun jan\u00faar \u2013 7 til 10 daga fer\u00f0\" >3. Beint flug til ALC \u00e1 milli j\u00f3la og n\u00fds \u00e1rs og heim \u00ed byrjun jan\u00faar \u2013 7 til 10 daga fer\u00f0<\/option><option value=\"4. Beint flug til ALC \u00e1 milli j\u00f3la og n\u00fds \u00e1rs og heim \u00ed byrjun jan\u00faar \u2013 11 til 14 daga fer\u00f0\" >4. Beint flug til ALC \u00e1 milli j\u00f3la og n\u00fds \u00e1rs og heim \u00ed byrjun jan\u00faar \u2013 11 til 14 daga fer\u00f0<\/option><option value=\"5. A\u00f0eins \u00e1hugi \u00e1 \u00fatfluginu fyrir j\u00f3l en ekki heimflug\" >5. A\u00f0eins \u00e1hugi \u00e1 \u00fatfluginu fyrir j\u00f3l en ekki heimflug<\/option><option value=\"6. A\u00f0eins \u00e1hugi \u00e1 \u00fatfluginu \u00e1 milli j\u00f3la og n\u00fds \u00e1rs en ekki heimflug\" >6. A\u00f0eins \u00e1hugi \u00e1 \u00fatfluginu \u00e1 milli j\u00f3la og n\u00fds \u00e1rs en ekki heimflug<\/option><option value=\"7. A\u00f0eins \u00e1hugi \u00e1 heimfluginu \u00e1 milli j\u00f3la og n\u00fds \u00e1rs en ekki \u00fatflug\" >7. A\u00f0eins \u00e1hugi \u00e1 heimfluginu \u00e1 milli j\u00f3la og n\u00fds \u00e1rs en ekki \u00fatflug<\/option><option value=\"8. A\u00f0eins \u00e1hugi \u00e1 heimfluginu \u00ed byrjun jan\u00faar en ekki \u00fatflug\" >8. A\u00f0eins \u00e1hugi \u00e1 heimfluginu \u00ed byrjun jan\u00faar en ekki \u00fatflug<\/option><option value=\"9. \u00c1hugi \u00e1 beinu flugi til \u00cdslands fyrir j\u00f3l og aftur til Sp\u00e1nar \u00ed byrjun jarn\u00faar \u2013 dv\u00f6l \u00e1 \u00cdslandi um 3 vikur.\" >9. \u00c1hugi \u00e1 beinu flugi til \u00cdslands fyrir j\u00f3l og aftur til Sp\u00e1nar \u00ed byrjun jarn\u00faar \u2013 dv\u00f6l \u00e1 \u00cdslandi um 3 vikur.<\/option><option value=\"10. \u00c1hugi \u00e1 beinu flugi til \u00cdslands \u00e1 milli j\u00f3la og n\u00fds \u00e1rs og aftur til Sp\u00e1nar \u00ed jan\u00faar \u2013 dv\u00f6l \u00e1 \u00cdslandi um 2 vikur.\" >10. \u00c1hugi \u00e1 beinu flugi til \u00cdslands \u00e1 milli j\u00f3la og n\u00fds \u00e1rs og aftur til Sp\u00e1nar \u00ed jan\u00faar \u2013 dv\u00f6l \u00e1 \u00cdslandi um 2 vikur.<\/option><\/select><\/div><div id=\"wpforms-2501-field_21-container\" class=\"wpforms-field wpforms-field-select wpforms-field-select-style-modern\" data-field-id=\"21\"><label class=\"wpforms-field-label\" for=\"wpforms-2501-field_21\">Fj\u00f6ldi flugs\u00e6ta <span class=\"wpforms-required-label\">*<\/span><\/label><select id=\"wpforms-2501-field_21\" class=\"wpforms-field-small wpforms-field-required choicesjs-select\" data-size-class=\"wpforms-field-row wpforms-field-small\" name=\"wpforms[fields][21]\" required=\"required\"><option value=\"\" ><\/option><option value=\"1\" >1<\/option><option value=\"2\" >2<\/option><option value=\"3\" >3<\/option><option value=\"4\" >4<\/option><option value=\"5\" >5<\/option><option value=\"6\" >6<\/option><option value=\"7\" >7<\/option><option value=\"8\" >8<\/option><option value=\"9\" >9<\/option><\/select><\/div><\/div><div class=\"wpforms-field wpforms-field-hp\"><label for=\"wpforms-2501-field-hp\" class=\"wpforms-field-label\">Comment<\/label><input type=\"text\" name=\"wpforms[hp]\" id=\"wpforms-2501-field-hp\" class=\"wpforms-field-medium\"><\/div><div class=\"wpforms-submit-container\" ><input type=\"hidden\" name=\"wpforms[id]\" value=\"2501\"><input type=\"hidden\" name=\"wpforms[author]\" value=\"1\"><button type=\"submit\" name=\"wpforms[submit]\" class=\"wpforms-submit \" id=\"wpforms-submit-2501\" value=\"wpforms-submit\" aria-live=\"assertive\" data-alt-text=\"Augnablik...\" data-submit-text=\"SENDA\">SENDA<\/button><\/div><\/form><\/div>  <!-- .wpforms-container -->[vc_empty_space height=&#8220;332px&#8220; woodmart_hide_large=&#8220;0&#8243; woodmart_hide_medium=&#8220;0&#8243; woodmart_hide_small=&#8220;0&#8243; woodmart_hide_extra_small=&#8220;0&#8243;][\/vc_column][vc_column width=&#8220;1\/6&#8243;][\/vc_column][\/vc_row]<\/p>\n<\/div>","protected":false},"excerpt":{"rendered":"<p>[vc_row full_width=&#8220;stretch_row&#8220; full_height=&#8220;yes&#8220; css=&#8220;.vc_custom_1603127614944{margin-bottom: -40px !important;padding-top: 155px !important;padding-bottom: 123px !important;background-image: url(https:\/\/costablancatravel.is\/kannanir\/wp-content\/uploads\/2020\/10\/blue-skies-2.jpg?id=2535) !important;background-position: center !important;background-repeat: no-repeat !important;background-size: cover !important;}&#8220; mobile_bg_img_hidden=&#8220;no&#8220; tablet_bg_img_hidden=&#8220;no&#8220;<\/p>\n","protected":false},"author":1,"featured_media":0,"parent":0,"menu_order":0,"comment_status":"closed","ping_status":"closed","template":"","meta":{"footnotes":""},"class_list":["post-2495","page","type-page","status-publish","hentry"],"_links":{"self":[{"href":"https:\/\/costablancatravel.is\/kannanir\/wp-json\/wp\/v2\/pages\/2495","targetHints":{"allow":["GET"]}}],"collection":[{"href":"https:\/\/costablancatravel.is\/kannanir\/wp-json\/wp\/v2\/pages"}],"about":[{"href":"https:\/\/costablancatravel.is\/kannanir\/wp-json\/wp\/v2\/types\/page"}],"author":[{"embeddable":true,"href":"https:\/\/costablancatravel.is\/kannanir\/wp-json\/wp\/v2\/users\/1"}],"replies":[{"embeddable":true,"href":"https:\/\/costablancatravel.is\/kannanir\/wp-json\/wp\/v2\/comments?post=2495"}],"version-history":[{"count":27,"href":"https:\/\/costablancatravel.is\/kannanir\/wp-json\/wp\/v2\/pages\/2495\/revisions"}],"predecessor-version":[{"id":2558,"href":"https:\/\/costablancatravel.is\/kannanir\/wp-json\/wp\/v2\/pages\/2495\/revisions\/2558"}],"wp:attachment":[{"href":"https:\/\/costablancatravel.is\/kannanir\/wp-json\/wp\/v2\/media?parent=2495"}],"curies":[{"name":"wp","href":"https:\/\/api.w.org\/{rel}","templated":true}]}}