{"id":646,"date":"2017-06-26T14:07:05","date_gmt":"2017-06-26T14:07:05","guid":{"rendered":"http:\/\/dummy.xtemos.com\/woodmart\/demos\/?page_id=646"},"modified":"2020-05-26T10:21:09","modified_gmt":"2020-05-26T10:21:09","slug":"hafa-samband","status":"publish","type":"page","link":"https:\/\/costablancatravel.is\/kannanir\/hafa-samband\/","title":{"rendered":"Hafa samband"},"content":{"rendered":"<div class=\"wpb-content-wrapper\"><p>[vc_row content_placement=&#8220;top&#8220; mobile_bg_img_hidden=&#8220;no&#8220; woodmart_parallax=&#8220;0&#8243; woodmart_gradient_switch=&#8220;no&#8220; row_reverse_mobile=&#8220;0&#8243; row_reverse_tablet=&#8220;0&#8243; woodmart_disable_overflow=&#8220;0&#8243;][vc_column width=&#8220;1\/3&#8243;]\n\t\t<div id=\"wd-5c8a8d0966463\" class=\"title-wrapper wd-wpb wd-set-mb reset-last-child  wd-rs-5c8a8d0966463 wd-title-color-default wd-title-style-default text-left vc_custom_1552583950356 wd-underline-colored\">\n\t\t\t\n\t\t\t<div class=\"liner-continer\">\n\t\t\t\t<h4 class=\"woodmart-title-container title  wd-font-weight-600 wd-fontsize-l\" >Sendu okkur fyrirspurn<\/h4>\n\t\t\t\t\t\t\t<\/div>\n\t\t\t\n\t\t\t\n\t\t\t\n\t\t<\/div>\n\t\t\n\t\t[vc_column_text text_larger=&#8220;no&#8220;]Vinsamlega fylli\u00f0 \u00fat formi\u00f0 til a\u00f0 senda almenna fyrirspurn til okkar.[\/vc_column_text][vc_row_inner][vc_column_inner]\t\t\t<div id=\"wd-5ce3fd5f69ab6\" class=\"wd-text-block-wrapper wd-wpb wd-rs-5ce3fd5f69ab6 color-scheme-dark text-left vc_custom_1558445413567\">\n\t\t\t\t<div class=\"woodmart-title-container woodmart-text-block reset-last-child font-primary wd-font-weight-600 \">\n\t\t\t\t\tFyrirt\u00e6ki ehf\t\t\t\t<\/div>\n\n\t\t\t\t\t\t\t<\/div>\n\t\t[vc_column_text css=&#8220;.vc_custom_1590488374462{margin-bottom: 15px !important;border-bottom-width: 1px !important;padding-bottom: 17px !important;border-bottom-color: rgba(155,155,155,0.3) !important;border-bottom-style: solid !important;}&#8220; text_larger=&#8220;no&#8220;]Laugavegi 1<br \/>\n101 Reykjav\u00edk[\/vc_column_text][vc_column_text css=&#8220;.vc_custom_1590488388708{margin-bottom: 15px !important;border-bottom-width: 1px !important;padding-bottom: 17px !important;border-bottom-color: rgba(155,155,155,0.3) !important;border-bottom-style: solid !important;}&#8220; text_larger=&#8220;no&#8220;]S\u00edmi: 123-4567[\/vc_column_text][vc_column_text css=&#8220;.vc_custom_1558445447806{margin-bottom: 15px !important;border-bottom-width: 1px !important;padding-bottom: 17px !important;border-bottom-color: rgba(155,155,155,0.3) !important;border-bottom-style: solid !important;}&#8220; text_larger=&#8220;no&#8220;]Netfang: samband@fyrirtaeki.is<a href=\"mailto:rafmenn@rafmenn.is\"><br \/>\n<\/a>Heimas\u00ed\u00f0a: www.fyrirtaeki.is[\/vc_column_text][\/vc_column_inner][\/vc_row_inner][\/vc_column][vc_column width=&#8220;2\/3&#8243;][gravityform id=&#8220;1&#8243; title=&#8220;false&#8220; description=&#8220;false&#8220; ajax=&#8220;false&#8220;][\/vc_column][\/vc_row]<\/p>\n<\/div>","protected":false},"excerpt":{"rendered":"<p>[vc_row content_placement=&#8220;top&#8220; mobile_bg_img_hidden=&#8220;no&#8220; woodmart_parallax=&#8220;0&#8243; woodmart_gradient_switch=&#8220;no&#8220; row_reverse_mobile=&#8220;0&#8243; row_reverse_tablet=&#8220;0&#8243; woodmart_disable_overflow=&#8220;0&#8243;][vc_column width=&#8220;1\/3&#8243;][vc_column_text text_larger=&#8220;no&#8220;]Vinsamlega fylli\u00f0 \u00fat formi\u00f0 til a\u00f0 senda almenna fyrirspurn til okkar.[\/vc_column_text][vc_row_inner][vc_column_inner][vc_column_text<\/p>\n","protected":false},"author":1,"featured_media":0,"parent":0,"menu_order":0,"comment_status":"closed","ping_status":"closed","template":"","meta":{"footnotes":""},"class_list":["post-646","page","type-page","status-publish","hentry"],"_links":{"self":[{"href":"https:\/\/costablancatravel.is\/kannanir\/wp-json\/wp\/v2\/pages\/646","targetHints":{"allow":["GET"]}}],"collection":[{"href":"https:\/\/costablancatravel.is\/kannanir\/wp-json\/wp\/v2\/pages"}],"about":[{"href":"https:\/\/costablancatravel.is\/kannanir\/wp-json\/wp\/v2\/types\/page"}],"author":[{"embeddable":true,"href":"https:\/\/costablancatravel.is\/kannanir\/wp-json\/wp\/v2\/users\/1"}],"replies":[{"embeddable":true,"href":"https:\/\/costablancatravel.is\/kannanir\/wp-json\/wp\/v2\/comments?post=646"}],"version-history":[{"count":7,"href":"https:\/\/costablancatravel.is\/kannanir\/wp-json\/wp\/v2\/pages\/646\/revisions"}],"predecessor-version":[{"id":2469,"href":"https:\/\/costablancatravel.is\/kannanir\/wp-json\/wp\/v2\/pages\/646\/revisions\/2469"}],"wp:attachment":[{"href":"https:\/\/costablancatravel.is\/kannanir\/wp-json\/wp\/v2\/media?parent=646"}],"curies":[{"name":"wp","href":"https:\/\/api.w.org\/{rel}","templated":true}]}}