{"id":845,"date":"2017-07-13T06:58:00","date_gmt":"2017-07-13T06:58:00","guid":{"rendered":"http:\/\/dummy.xtemos.com\/woodmart\/demos\/?page_id=845"},"modified":"2020-05-26T10:25:44","modified_gmt":"2020-05-26T10:25:44","slug":"um-okkur","status":"publish","type":"page","link":"https:\/\/costablancatravel.is\/kannanir\/um-okkur\/","title":{"rendered":"Um okkur"},"content":{"rendered":"<div class=\"wpb-content-wrapper\"><p>[vc_row][vc_column width=&#8220;1\/2&#8243;]\n\t\t<div id=\"wd-5eccee86f129e\" class=\"title-wrapper wd-wpb wd-set-mb reset-last-child  wd-rs-5eccee86f129e wd-title-color-default wd-title-style-default text-left vc_custom_1590488663275 wd-underline-colored\">\n\t\t\t\n\t\t\t<div class=\"liner-continer\">\n\t\t\t\t<h4 class=\"woodmart-title-container title  wd-font-weight-600 wd-fontsize-l\" >Um okkur<\/h4>\n\t\t\t\t\t\t\t<\/div>\n\t\t\t\n\t\t\t\t\t\t\t<div class=\"title-after_title reset-last-child  wd-fontsize-xs\">Fyrirt\u00e6ki ehf. \u00ed Reykjav\u00edk byggir \u00e1 traustum grunni og fyrirt\u00e6ki\u00f0 er or\u00f0i\u00f0 yfir 70 \u00e1ra.<\/div>\n\t\t\t\n\t\t\t\n\t\t<\/div>\n\t\t\n\t\t\t\t\t<div id=\"wd-5ce405283f458\" class=\"wd-text-block-wrapper wd-wpb wd-rs-5ce405283f458 color-scheme-custom text-left vc_custom_1558447405280\">\n\t\t\t\t<div class=\"woodmart-title-container woodmart-text-block reset-last-child font-primary wd-font-weight-300 \">\n\t\t\t\t\tLorem ipsum dolor sit amet, consectetuer adipiscing elit. Nam ullamcorper, magna nec condimentum fringilla, risus lorem aliquet lorem, ac rhoncus lectus tortor dapibus mauris.\t\t\t\t<\/div>\n\n\t\t\t\t\t\t\t<\/div>\n\t\t[vc_column_text css=&#8220;.vc_custom_1558447424571{margin-bottom: 20px !important;}&#8220; text_larger=&#8220;no&#8220;]Vestibulum tempus. Cras a dui volutpat purus condimentum porta. Integer nec mi. Aliquam iaculis orci quis urna. Suspendisse lacinia, massa eu pulvinar malesuada, diam tortor ultricies lectus, blandit molestie mauris nunc ac pede. Etiam vitae augue. Etiam a tellus sit amet felis tincidunt semper. Suspendisse sed ante. Fusce ante augue, luctus eget, tempor at, luctus vitae, massa. Sed vitae mauris. Vivamus euismod erat eget massa. Cras ac massa.<\/p>\n<p>Proin tristique euismod nisi. Sed et neque. Aliquam purus dolor, sollicitudin at, dapibus ac, sollicitudin eget, lectus. Ut commodo, ante iaculis adipiscing commodo, quam nunc gravida libero, eget tempor eros erat et magna. Sed lacinia convallis orci. Praesent quis diam in mauris tincidunt tincidunt. Nam ac nibh et ipsum porta placerat. Phasellus aliquet urna nec neque. Praesent ac odio at nulla venenatis posuere. Lorem ipsum dolor sit amet, consectetuer adipiscing elit.[\/vc_column_text][\/vc_column][vc_column width=&#8220;1\/2&#8243;]\t\t<div id=\"gallery_689\" class=\"wd-images-gallery wd-wpb photoswipe-images\" style=\"--wd-justify-content:center;--wd-align-items:center;\">\n\t\t\t\n\t\t\t<div class=\" wd-grid-g\" style=\"--wd-col-lg:1;--wd-col-md:1;--wd-col-sm:1;--wd-gap-lg:6px;\">\n\t\t\t\t\n\t\t\t\t\t\t\t\t\t\t\t\t\t\t\t<div class=\"wd-gallery-item wd-col\">\n\t\t\t\t\t\t\t\t\t\t\t\t\t\t<a href=\"https:\/\/costablancatravel.is\/kannanir\/wp-content\/uploads\/2019\/05\/blog6.jpg\" data-elementor-open-lightbox=\"no\" data-index=\"1\" data-width=\"1170\" data-height=\"822\" \n\t\t\t\t\t\t\t\t\t\t\t\t\t\t\t\t\t\t\t\t>\n\t\t\t\t\t\t\t\t\n\t\t\t\t\t\t\t\t<img loading=\"lazy\" decoding=\"async\" width=\"1170\" height=\"822\" src=\"https:\/\/costablancatravel.is\/kannanir\/wp-content\/uploads\/2019\/05\/blog6.jpg\" class=\"wd-gallery-image image-1\" alt=\"\" srcset=\"https:\/\/costablancatravel.is\/kannanir\/wp-content\/uploads\/2019\/05\/blog6.jpg 1170w, https:\/\/costablancatravel.is\/kannanir\/wp-content\/uploads\/2019\/05\/blog6-416x292.jpg 416w, https:\/\/costablancatravel.is\/kannanir\/wp-content\/uploads\/2019\/05\/blog6-300x211.jpg 300w, https:\/\/costablancatravel.is\/kannanir\/wp-content\/uploads\/2019\/05\/blog6-768x540.jpg 768w, https:\/\/costablancatravel.is\/kannanir\/wp-content\/uploads\/2019\/05\/blog6-1024x719.jpg 1024w\" sizes=\"auto, (max-width: 1170px) 100vw, 1170px\" \/>\n\t\t\t\t\t\t\t\t\t\t\t\t\t\t\t<\/a>\n\t\t\t\t\t\t\t\t\t\t\t\t<\/div>\n\t\t\t\t\t\t\t\t\t\t\t<div class=\"wd-gallery-item wd-col\">\n\t\t\t\t\t\t\t\t\t\t\t\t\t\t<a href=\"https:\/\/costablancatravel.is\/kannanir\/wp-content\/uploads\/2019\/05\/blog7.jpg\" data-elementor-open-lightbox=\"no\" data-index=\"2\" data-width=\"840\" data-height=\"340\" \n\t\t\t\t\t\t\t\t\t\t\t\t\t\t\t\t\t\t\t\t>\n\t\t\t\t\t\t\t\t\n\t\t\t\t\t\t\t\t<img loading=\"lazy\" decoding=\"async\" width=\"840\" height=\"340\" src=\"https:\/\/costablancatravel.is\/kannanir\/wp-content\/uploads\/2019\/05\/blog7.jpg\" class=\"wd-gallery-image image-2\" alt=\"\" srcset=\"https:\/\/costablancatravel.is\/kannanir\/wp-content\/uploads\/2019\/05\/blog7.jpg 840w, https:\/\/costablancatravel.is\/kannanir\/wp-content\/uploads\/2019\/05\/blog7-416x168.jpg 416w, https:\/\/costablancatravel.is\/kannanir\/wp-content\/uploads\/2019\/05\/blog7-300x121.jpg 300w, https:\/\/costablancatravel.is\/kannanir\/wp-content\/uploads\/2019\/05\/blog7-768x311.jpg 768w\" sizes=\"auto, (max-width: 840px) 100vw, 840px\" \/>\n\t\t\t\t\t\t\t\t\t\t\t\t\t\t\t<\/a>\n\t\t\t\t\t\t\t\t\t\t\t\t<\/div>\n\t\t\t\t\t\t\t\t\t\n\t\t\t\t\t\t\t<\/div>\n\n\t\t\t\t\t<\/div>\n\t\t[\/vc_column][\/vc_row]<\/p>\n<\/div>","protected":false},"excerpt":{"rendered":"<p>[vc_row][vc_column width=&#8220;1\/2&#8243;][vc_column_text css=&#8220;.vc_custom_1558447424571{margin-bottom: 20px !important;}&#8220; text_larger=&#8220;no&#8220;]Vestibulum tempus. Cras a dui volutpat purus condimentum porta. Integer nec mi. Aliquam iaculis orci<\/p>\n","protected":false},"author":1,"featured_media":0,"parent":0,"menu_order":0,"comment_status":"closed","ping_status":"closed","template":"","meta":{"footnotes":""},"class_list":["post-845","page","type-page","status-publish","hentry"],"_links":{"self":[{"href":"https:\/\/costablancatravel.is\/kannanir\/wp-json\/wp\/v2\/pages\/845","targetHints":{"allow":["GET"]}}],"collection":[{"href":"https:\/\/costablancatravel.is\/kannanir\/wp-json\/wp\/v2\/pages"}],"about":[{"href":"https:\/\/costablancatravel.is\/kannanir\/wp-json\/wp\/v2\/types\/page"}],"author":[{"embeddable":true,"href":"https:\/\/costablancatravel.is\/kannanir\/wp-json\/wp\/v2\/users\/1"}],"replies":[{"embeddable":true,"href":"https:\/\/costablancatravel.is\/kannanir\/wp-json\/wp\/v2\/comments?post=845"}],"version-history":[{"count":7,"href":"https:\/\/costablancatravel.is\/kannanir\/wp-json\/wp\/v2\/pages\/845\/revisions"}],"predecessor-version":[{"id":2471,"href":"https:\/\/costablancatravel.is\/kannanir\/wp-json\/wp\/v2\/pages\/845\/revisions\/2471"}],"wp:attachment":[{"href":"https:\/\/costablancatravel.is\/kannanir\/wp-json\/wp\/v2\/media?parent=845"}],"curies":[{"name":"wp","href":"https:\/\/api.w.org\/{rel}","templated":true}]}}